{"id":2183,"date":"2021-02-07T11:20:21","date_gmt":"2021-02-07T09:20:21","guid":{"rendered":"https:\/\/stwww1.weizmann.ac.il\/en\/?page_id=2183"},"modified":"2021-06-15T11:24:32","modified_gmt":"2021-06-15T08:24:32","slug":"the-profile-of-earth-science-education-worldwide","status":"publish","type":"page","link":"https:\/\/stwww1.weizmann.ac.il\/en\/?page_id=2183","title":{"rendered":"The profile of Earth Science Education worldwide"},"content":{"rendered":"<h1>The profile of Earth Science Education worldwide<\/h1>\n<div class=\"wpforms-entry-field wpforms-field-text\"><\/div>\n<h2>Leading team<\/h2>\n<p><a href=\"http:\/\/www.weizmann.ac.il\/ScienceTeaching\/Orion\" target=\"_blank\" rel=\"noopener noreferrer\">Prof. Nir Orion <\/a><\/p>\n<h2>Project members<\/h2>\n<p><a href=\"http:\/\/www.weizmann.ac.il\/pages\/search\/people?person_id=2811\" target=\"_blank\" rel=\"noopener noreferrer\">Ron Ben Shalom <\/a><\/p>\n<h2>Summary<\/h2>\n<div class=\"wpforms-entry-field wpforms-field-textarea\">\n<p class=\"wpforms-entry-field-value\">The research carried out by the Earth Science Education Group, and the curriculum development introduces by it, have had an international impact on learning and teaching strategies worldwide. Our curriculum materials have been translated into Spanish, Chinese, English, Portuguese and Arabic; teacher workshops inspired by our research were conducted in Argentina, Chile, Uruguay, Peru, Brazil, USA, India, Germany, Portugal and Ethiopia.<\/p>\n<\/div>\n<h2>Links for further reading<\/h2>\n<ul>\n<li>King, C., Orion, N. and Thompson, B. D. (1995). Earth sciences education on the world stage. School Science Review. 77(279), 121-124.<\/li>\n<li>Orion, N., Thompson, B. D. and King, C. (1996). Earth sciences education: an extra dimension to science education in schools. Caderonos IG\/UNICAMP. 6, 122-133.<\/li>\n<li>Orion, N. and Ault, C. (2007). Learning earth sciences. In: Abell, S. and Lederman, N. (Eds.), Handbook of Research on Science Teaching and Learning. Lawrence Erlbaum Associates. USA.<\/li>\n<li>Orion, N. and Libarkin, J. (2014). Earth systems education. In: Abell, S. and Lederman, N. (Eds.), Handbook of Research on Science Teaching and Learning. Lawrence Erlbaum Associates. USA.<\/li>\n<li>Orion, N. (2018). The Israeli Earth science education in schools. In: Greco, R. and Almberge, L. (Eds.), Earth Science Education: Global Perspectives. Pouso Alegre : IFSULDEMINAS: il. ISBN: 987-85-67952-14-7<\/li>\n<li><a href=\"https:\/\/doi.org\/10.1186\/s43031-019-0003-z\" target=\"_blank\" rel=\"noopener\">Orion, N. (2019). The future challenge of Earth science education research. Disciplinary and Interdisciplinary Science Education Research. 1: 3.\u00a0<\/a><\/li>\n<li>Orion, N., Ribeiro, T., Lima, D. and Vasconcelos, C. (2020). Earth Systems Workshop: the impact on Portuguese geoscience educators\u2019 practice and views. In: Vasconcelos, C. et al. (Eds.), Educa\u00e7\u00e3o em Ci\u00eancias: Cruzar caminhos, unir saberes &#8211; Atas do XVII Encontro Nacional de Educa\u00e7\u00e3o em Ci\u00eancias, XVIII ENEC, III Internacional Seminar of Science Education, III ISSE (pp. 457-461). Porto: U. Porto Edi\u00e7\u00f5es. ISBN: 978-989-746-198-9. doi:10.24840\/978-989-746-198-9.<\/li>\n<\/ul>\n","protected":false},"excerpt":{"rendered":"<p>The profile of Earth Science Education worldwide<\/p>\n<p>Leading team<br \/>\nProf. Nir Orion <br \/>\nProject members<br \/>\nRon Ben Shalom <br \/>\nSummary<\/p>\n<p>The research carried out by the Earth Science Education Group, and the curriculum development introduces by it, have had an international impact on learning and teaching strategies worldwide. Our curriculum materials have been translated into Spanish, Chinese, English, Portuguese and Arabic; teacher workshops inspired by our research were conducted in Argentina, Chile, Uruguay, Peru, Brazil, USA, India, Germany, &#8230;<\/p>\n","protected":false},"author":31,"featured_media":0,"parent":169,"menu_order":0,"comment_status":"closed","ping_status":"closed","template":"","meta":{"_monsterinsights_skip_tracking":false,"_monsterinsights_sitenote_active":false,"_monsterinsights_sitenote_note":"","_monsterinsights_sitenote_category":0,"footnotes":""},"class_list":["post-2183","page","type-page","status-publish","hentry"],"_links":{"self":[{"href":"https:\/\/stwww1.weizmann.ac.il\/en\/index.php?rest_route=\/wp\/v2\/pages\/2183"}],"collection":[{"href":"https:\/\/stwww1.weizmann.ac.il\/en\/index.php?rest_route=\/wp\/v2\/pages"}],"about":[{"href":"https:\/\/stwww1.weizmann.ac.il\/en\/index.php?rest_route=\/wp\/v2\/types\/page"}],"author":[{"embeddable":true,"href":"https:\/\/stwww1.weizmann.ac.il\/en\/index.php?rest_route=\/wp\/v2\/users\/31"}],"replies":[{"embeddable":true,"href":"https:\/\/stwww1.weizmann.ac.il\/en\/index.php?rest_route=%2Fwp%2Fv2%2Fcomments&post=2183"}],"version-history":[{"count":4,"href":"https:\/\/stwww1.weizmann.ac.il\/en\/index.php?rest_route=\/wp\/v2\/pages\/2183\/revisions"}],"predecessor-version":[{"id":2888,"href":"https:\/\/stwww1.weizmann.ac.il\/en\/index.php?rest_route=\/wp\/v2\/pages\/2183\/revisions\/2888"}],"up":[{"embeddable":true,"href":"https:\/\/stwww1.weizmann.ac.il\/en\/index.php?rest_route=\/wp\/v2\/pages\/169"}],"wp:attachment":[{"href":"https:\/\/stwww1.weizmann.ac.il\/en\/index.php?rest_route=%2Fwp%2Fv2%2Fmedia&parent=2183"}],"curies":[{"name":"wp","href":"https:\/\/api.w.org\/{rel}","templated":true}]}}